{"id":2,"date":"2024-07-09T09:49:15","date_gmt":"2024-07-09T09:49:15","guid":{"rendered":"https:\/\/masajesterapeuticosbizkarra.rkinformatika.online\/?page_id=2"},"modified":"2025-01-07T10:07:42","modified_gmt":"2025-01-07T10:07:42","slug":"sobre-nosotros","status":"publish","type":"page","link":"https:\/\/quiromasajedanontzat.com\/eus\/","title":{"rendered":"Guri buruz"},"content":{"rendered":"\t\t<div data-elementor-type=\"wp-page\" data-elementor-id=\"2\" class=\"elementor elementor-2\" data-elementor-post-type=\"page\">\n\t\t\t\t<div class=\"elementor-element elementor-element-ff957e4 e-con-full e-flex e-con e-parent\" data-id=\"ff957e4\" data-element_type=\"container\" data-e-type=\"container\" data-settings=\"{&quot;background_background&quot;:&quot;slideshow&quot;,&quot;background_slideshow_ken_burns&quot;:&quot;yes&quot;,&quot;background_slideshow_gallery&quot;:[{&quot;id&quot;:432,&quot;url&quot;:&quot;https:\\\/\\\/quiromasajedanontzat.com\\\/wp-content\\\/uploads\\\/2024\\\/12\\\/close-up-men-s-hands-make-therapeutic-back-massaging-for-woman-lying-on-massage-couch-in-massage-spa.jpg&quot;},{&quot;id&quot;:434,&quot;url&quot;:&quot;https:\\\/\\\/quiromasajedanontzat.com\\\/wp-content\\\/uploads\\\/2024\\\/12\\\/massage-therapist-making-massage-to-patient.jpg&quot;},{&quot;id&quot;:435,&quot;url&quot;:&quot;https:\\\/\\\/quiromasajedanontzat.com\\\/wp-content\\\/uploads\\\/2024\\\/12\\\/facial-massage.jpg&quot;}],&quot;shape_divider_top&quot;:&quot;wave-brush&quot;,&quot;background_slideshow_loop&quot;:&quot;yes&quot;,&quot;background_slideshow_slide_duration&quot;:5000,&quot;background_slideshow_slide_transition&quot;:&quot;fade&quot;,&quot;background_slideshow_transition_duration&quot;:500,&quot;background_slideshow_ken_burns_zoom_direction&quot;:&quot;in&quot;}\">\n\t\t\t\t<div class=\"elementor-shape elementor-shape-top\" aria-hidden=\"true\" data-negative=\"false\">\n\t\t\t<svg xmlns=\"http:\/\/www.w3.org\/2000\/svg\" viewBox=\"0 0 283.5 27.8\" preserveAspectRatio=\"none\">\n\t<path class=\"elementor-shape-fill\" d=\"M283.5,9.7c0,0-7.3,4.3-14,4.6c-6.8,0.3-12.6,0-20.9-1.5c-11.3-2-33.1-10.1-44.7-5.7\ts-12.1,4.6-18,7.4c-6.6,3.2-20,9.6-36.6,9.3C131.6,23.5,99.5,7.2,86.3,8c-1.4,0.1-6.6,0.8-10.5,2c-3.8,1.2-9.4,3.8-17,4.7\tc-3.2,0.4-8.3,1.1-14.2,0.9c-1.5-0.1-6.3-0.4-12-1.6c-5.7-1.2-11-3.1-15.8-3.7C6.5,9.2,0,10.8,0,10.8V0h283.5V9.7z M260.8,11.3\tc-0.7-1-2-0.4-4.3-0.4c-2.3,0-6.1-1.2-5.8-1.1c0.3,0.1,3.1,1.5,6,1.9C259.7,12.2,261.4,12.3,260.8,11.3z M242.4,8.6\tc0,0-2.4-0.2-5.6-0.9c-3.2-0.8-10.3-2.8-15.1-3.5c-8.2-1.1-15.8,0-15.1,0.1c0.8,0.1,9.6-0.6,17.6,1.1c3.3,0.7,9.3,2.2,12.4,2.7\tC239.9,8.7,242.4,8.6,242.4,8.6z M185.2,8.5c1.7-0.7-13.3,4.7-18.5,6.1c-2.1,0.6-6.2,1.6-10,2c-3.9,0.4-8.9,0.4-8.8,0.5\tc0,0.2,5.8,0.8,11.2,0c5.4-0.8,5.2-1.1,7.6-1.6C170.5,14.7,183.5,9.2,185.2,8.5z M199.1,6.9c0.2,0-0.8-0.4-4.8,1.1\tc-4,1.5-6.7,3.5-6.9,3.7c-0.2,0.1,3.5-1.8,6.6-3C197,7.5,199,6.9,199.1,6.9z M283,6c-0.1,0.1-1.9,1.1-4.8,2.5s-6.9,2.8-6.7,2.7\tc0.2,0,3.5-0.6,7.4-2.5C282.8,6.8,283.1,5.9,283,6z M31.3,11.6c0.1-0.2-1.9-0.2-4.5-1.2s-5.4-1.6-7.8-2C15,7.6,7.3,8.5,7.7,8.6\tC8,8.7,15.9,8.3,20.2,9.3c2.2,0.5,2.4,0.5,5.7,1.6S31.2,11.9,31.3,11.6z M73,9.2c0.4-0.1,3.5-1.6,8.4-2.6c4.9-1.1,8.9-0.5,8.9-0.8\tc0-0.3-1-0.9-6.2-0.3S72.6,9.3,73,9.2z M71.6,6.7C71.8,6.8,75,5.4,77.3,5c2.3-0.3,1.9-0.5,1.9-0.6c0-0.1-1.1-0.2-2.7,0.2\tC74.8,5.1,71.4,6.6,71.6,6.7z M93.6,4.4c0.1,0.2,3.5,0.8,5.6,1.8c2.1,1,1.8,0.6,1.9,0.5c0.1-0.1-0.8-0.8-2.4-1.3\tC97.1,4.8,93.5,4.2,93.6,4.4z M65.4,11.1c-0.1,0.3,0.3,0.5,1.9-0.2s2.6-1.3,2.2-1.2s-0.9,0.4-2.5,0.8C65.3,10.9,65.5,10.8,65.4,11.1\tz M34.5,12.4c-0.2,0,2.1,0.8,3.3,0.9c1.2,0.1,2,0.1,2-0.2c0-0.3-0.1-0.5-1.6-0.4C36.6,12.8,34.7,12.4,34.5,12.4z M152.2,21.1\tc-0.1,0.1-2.4-0.3-7.5-0.3c-5,0-13.6-2.4-17.2-3.5c-3.6-1.1,10,3.9,16.5,4.1C150.5,21.6,152.3,21,152.2,21.1z\"\/>\n\t<path class=\"elementor-shape-fill\" d=\"M269.6,18c-0.1-0.1-4.6,0.3-7.2,0c-7.3-0.7-17-3.2-16.6-2.9c0.4,0.3,13.7,3.1,17,3.3\tC267.7,18.8,269.7,18,269.6,18z\"\/>\n\t<path class=\"elementor-shape-fill\" d=\"M227.4,9.8c-0.2-0.1-4.5-1-9.5-1.2c-5-0.2-12.7,0.6-12.3,0.5c0.3-0.1,5.9-1.8,13.3-1.2\tS227.6,9.9,227.4,9.8z\"\/>\n\t<path class=\"elementor-shape-fill\" d=\"M204.5,13.4c-0.1-0.1,2-1,3.2-1.1c1.2-0.1,2,0,2,0.3c0,0.3-0.1,0.5-1.6,0.4\tC206.4,12.9,204.6,13.5,204.5,13.4z\"\/>\n\t<path class=\"elementor-shape-fill\" d=\"M201,10.6c0-0.1-4.4,1.2-6.3,2.2c-1.9,0.9-6.2,3.1-6.1,3.1c0.1,0.1,4.2-1.6,6.3-2.6\tS201,10.7,201,10.6z\"\/>\n\t<path class=\"elementor-shape-fill\" d=\"M154.5,26.7c-0.1-0.1-4.6,0.3-7.2,0c-7.3-0.7-17-3.2-16.6-2.9c0.4,0.3,13.7,3.1,17,3.3\tC152.6,27.5,154.6,26.8,154.5,26.7z\"\/>\n\t<path class=\"elementor-shape-fill\" d=\"M41.9,19.3c0,0,1.2-0.3,2.9-0.1c1.7,0.2,5.8,0.9,8.2,0.7c4.2-0.4,7.4-2.7,7-2.6\tc-0.4,0-4.3,2.2-8.6,1.9c-1.8-0.1-5.1-0.5-6.7-0.4S41.9,19.3,41.9,19.3z\"\/>\n\t<path class=\"elementor-shape-fill\" d=\"M75.5,12.6c0.2,0.1,2-0.8,4.3-1.1c2.3-0.2,2.1-0.3,2.1-0.5c0-0.1-1.8-0.4-3.4,0\tC76.9,11.5,75.3,12.5,75.5,12.6z\"\/>\n\t<path class=\"elementor-shape-fill\" d=\"M15.6,13.2c0-0.1,4.3,0,6.7,0.5c2.4,0.5,5,1.9,5,2c0,0.1-2.7-0.8-5.1-1.4\tC19.9,13.7,15.7,13.3,15.6,13.2z\"\/>\n<\/svg>\t\t<\/div>\n\t\t<div class=\"elementor-element elementor-element-f132b23 e-con-full e-flex e-con e-child\" data-id=\"f132b23\" data-element_type=\"container\" data-e-type=\"container\">\n\t\t\t\t<div class=\"elementor-element elementor-element-10eef63 elementor-widget__width-initial elementor-widget elementor-widget-heading\" data-id=\"10eef63\" data-element_type=\"widget\" data-e-type=\"widget\" data-widget_type=\"heading.default\">\n\t\t\t\t<div class=\"elementor-widget-container\">\n\t\t\t\t\t<h1 class=\"elementor-heading-title elementor-size-default\">QUIROMASAJE DANONTZAT<\/h1>\t\t\t\t<\/div>\n\t\t\t\t<\/div>\n\t\t\t\t<div class=\"elementor-element elementor-element-0b25efd elementor-widget__width-initial elementor-widget-tablet__width-initial elementor-widget elementor-widget-text-editor\" data-id=\"0b25efd\" data-element_type=\"widget\" data-e-type=\"widget\" data-widget_type=\"text-editor.default\">\n\t\t\t\t<div class=\"elementor-widget-container\">\n\t\t\t\t\t\t\t\t\t<p>Masajes Terap\u00e9uticos, Deportivos y Antiestr\u00e9s.<\/p>\t\t\t\t\t\t\t\t<\/div>\n\t\t\t\t<\/div>\n\t\t\t\t<div class=\"elementor-element elementor-element-2d104c6 elementor-mobile-align-center elementor-align-center elementor-widget__width-initial elementor-widget-mobile__width-initial elementor-widget elementor-widget-button\" data-id=\"2d104c6\" data-element_type=\"widget\" data-e-type=\"widget\" data-widget_type=\"button.default\">\n\t\t\t\t<div class=\"elementor-widget-container\">\n\t\t\t\t\t\t\t\t\t<div class=\"elementor-button-wrapper\">\n\t\t\t\t\t<a class=\"elementor-button elementor-button-link elementor-size-md elementor-animation-bounce-in\" href=\"http:\/\/+(34)%20639%20639%20347\">\n\t\t\t\t\t\t<span class=\"elementor-button-content-wrapper\">\n\t\t\t\t\t\t<span class=\"elementor-button-icon\">\n\t\t\t\t<svg aria-hidden=\"true\" class=\"e-font-icon-svg e-fas-long-arrow-alt-right\" viewBox=\"0 0 448 512\" xmlns=\"http:\/\/www.w3.org\/2000\/svg\"><path d=\"M313.941 216H12c-6.627 0-12 5.373-12 12v56c0 6.627 5.373 12 12 12h301.941v46.059c0 21.382 25.851 32.09 40.971 16.971l86.059-86.059c9.373-9.373 9.373-24.569 0-33.941l-86.059-86.059c-15.119-15.119-40.971-4.411-40.971 16.971V216z\"><\/path><\/svg>\t\t\t<\/span>\n\t\t\t\t\t\t\t\t\t<span class=\"elementor-button-text\">Mas informaci\u00f3n<\/span>\n\t\t\t\t\t<\/span>\n\t\t\t\t\t<\/a>\n\t\t\t\t<\/div>\n\t\t\t\t\t\t\t\t<\/div>\n\t\t\t\t<\/div>\n\t\t\t\t<\/div>\n\t\t\t\t<\/div>\n\t\t<div class=\"elementor-element elementor-element-3f655b0 e-flex e-con-boxed e-con e-parent\" data-id=\"3f655b0\" data-element_type=\"container\" data-e-type=\"container\">\n\t\t\t\t\t<div class=\"e-con-inner\">\n\t\t<div class=\"elementor-element elementor-element-555d149 e-con-full e-flex e-con e-child\" data-id=\"555d149\" data-element_type=\"container\" data-e-type=\"container\">\n\t\t<div class=\"elementor-element elementor-element-1957ac5 e-con-full e-flex e-con e-child\" data-id=\"1957ac5\" data-element_type=\"container\" data-e-type=\"container\">\n\t\t\t\t<div class=\"elementor-element elementor-element-e4ec3d7 elementor-widget elementor-widget-heading\" data-id=\"e4ec3d7\" data-element_type=\"widget\" data-e-type=\"widget\" data-widget_type=\"heading.default\">\n\t\t\t\t<div class=\"elementor-widget-container\">\n\t\t\t\t\t<h2 class=\"elementor-heading-title elementor-size-default\">\u00bfQui\u00e9nes Somos?<\/h2>\t\t\t\t<\/div>\n\t\t\t\t<\/div>\n\t\t\t\t<div class=\"elementor-element elementor-element-7c023f3 elementor-widget elementor-widget-text-editor\" data-id=\"7c023f3\" data-element_type=\"widget\" data-e-type=\"widget\" data-widget_type=\"text-editor.default\">\n\t\t\t\t<div class=\"elementor-widget-container\">\n\t\t\t\t\t\t\t\t\t<p data-pm-slice=\"1 1 []\">En <strong>Danontzat Quiromasaje<\/strong>, llevamos m\u00e1s de <strong>25 a\u00f1os<\/strong> dedicados al cuidado del cuerpo y el bienestar integral.Ayudando a cientos de personas a aliviar sus dolencias, mejorar su calidad de vida y alcanzar un estado \u00f3ptimo de salud f\u00edsica y emocional.<\/p>\t\t\t\t\t\t\t\t<\/div>\n\t\t\t\t<\/div>\n\t\t\t\t<\/div>\n\t\t\t\t<\/div>\n\t\t<div class=\"elementor-element elementor-element-e836830 e-con-full e-flex e-con e-child\" data-id=\"e836830\" data-element_type=\"container\" data-e-type=\"container\">\n\t\t<div class=\"elementor-element elementor-element-aa59091 e-con-full e-flex e-con e-child\" data-id=\"aa59091\" data-element_type=\"container\" data-e-type=\"container\">\n\t\t\t\t<div class=\"elementor-element elementor-element-b6c1430 elementor-widget elementor-widget-heading\" data-id=\"b6c1430\" data-element_type=\"widget\" data-e-type=\"widget\" data-widget_type=\"heading.default\">\n\t\t\t\t<div class=\"elementor-widget-container\">\n\t\t\t\t\t<h2 class=\"elementor-heading-title elementor-size-default\">\u00a1Lo Que Deseamos!<\/h2>\t\t\t\t<\/div>\n\t\t\t\t<\/div>\n\t\t\t\t<div class=\"elementor-element elementor-element-c00a02f elementor-widget elementor-widget-text-editor\" data-id=\"c00a02f\" data-element_type=\"widget\" data-e-type=\"widget\" data-widget_type=\"text-editor.default\">\n\t\t\t\t<div class=\"elementor-widget-container\">\n\t\t\t\t\t\t\t\t\t<p data-pm-slice=\"1 1 []\">Creemos en el poder del tacto y en los beneficios de la terapia manual para devolver el equilibrio al organismo. Por eso, seguimos form\u00e1ndonos continuamente para ofrecer las t\u00e9cnicas m\u00e1s eficaces y actualizadas.<\/p>\t\t\t\t\t\t\t\t<\/div>\n\t\t\t\t<\/div>\n\t\t\t\t<\/div>\n\t\t\t\t<\/div>\n\t\t\t\t\t<\/div>\n\t\t\t\t<\/div>\n\t\t<div class=\"elementor-element elementor-element-38596ac e-con-full e-flex e-con e-parent\" data-id=\"38596ac\" data-element_type=\"container\" data-e-type=\"container\" data-settings=\"{&quot;background_background&quot;:&quot;classic&quot;}\">\n\t\t<div class=\"elementor-element elementor-element-8cf5407 e-con-full e-flex e-con e-child\" data-id=\"8cf5407\" data-element_type=\"container\" data-e-type=\"container\">\n\t\t\t\t<div class=\"elementor-element elementor-element-95575b8 elementor-widget elementor-widget-heading\" data-id=\"95575b8\" data-element_type=\"widget\" data-e-type=\"widget\" data-widget_type=\"heading.default\">\n\t\t\t\t<div class=\"elementor-widget-container\">\n\t\t\t\t\t<h2 class=\"elementor-heading-title elementor-size-default\">Nuestros masajes aportan beneficios a nivel f\u00edsico y emocional.\n<\/h2>\t\t\t\t<\/div>\n\t\t\t\t<\/div>\n\t\t\t\t<div class=\"elementor-element elementor-element-2a84808 elementor-widget elementor-widget-heading\" data-id=\"2a84808\" data-element_type=\"widget\" data-e-type=\"widget\" data-widget_type=\"heading.default\">\n\t\t\t\t<div class=\"elementor-widget-container\">\n\t\t\t\t\t<h2 class=\"elementor-heading-title elementor-size-default\">\u00bfT\u00fa que Esperas para Probarlos?<\/h2>\t\t\t\t<\/div>\n\t\t\t\t<\/div>\n\t\t\t\t<div class=\"elementor-element elementor-element-2d87540 elementor-button-info elementor-align-center elementor-widget elementor-widget-button\" data-id=\"2d87540\" data-element_type=\"widget\" data-e-type=\"widget\" data-widget_type=\"button.default\">\n\t\t\t\t<div class=\"elementor-widget-container\">\n\t\t\t\t\t\t\t\t\t<div class=\"elementor-button-wrapper\">\n\t\t\t\t\t<a class=\"elementor-button elementor-button-link elementor-size-sm elementor-animation-bounce-in\" href=\"http:\/\/+(34)%20639%20639%20347\">\n\t\t\t\t\t\t<span class=\"elementor-button-content-wrapper\">\n\t\t\t\t\t\t<span class=\"elementor-button-icon\">\n\t\t\t\t<svg aria-hidden=\"true\" class=\"e-font-icon-svg e-far-hand-point-up\" viewBox=\"0 0 448 512\" xmlns=\"http:\/\/www.w3.org\/2000\/svg\"><path d=\"M105.6 83.2v86.177a115.52 115.52 0 0 0-22.4-2.176c-47.914 0-83.2 35.072-83.2 92 0 45.314 48.537 57.002 78.784 75.707 12.413 7.735 23.317 16.994 33.253 25.851l.146.131.148.129C129.807 376.338 136 384.236 136 391.2v2.679c-4.952 5.747-8 13.536-8 22.12v64c0 17.673 12.894 32 28.8 32h230.4c15.906 0 28.8-14.327 28.8-32v-64c0-8.584-3.048-16.373-8-22.12V391.2c0-28.688 40-67.137 40-127.2v-21.299c0-62.542-38.658-98.8-91.145-99.94-17.813-12.482-40.785-18.491-62.791-15.985A93.148 93.148 0 0 0 272 118.847V83.2C272 37.765 234.416 0 188.8 0c-45.099 0-83.2 38.101-83.2 83.2zm118.4 0v91.026c14.669-12.837 42.825-14.415 61.05 4.95 19.646-11.227 45.624-1.687 53.625 12.925 39.128-6.524 61.325 10.076 61.325 50.6V264c0 45.491-35.913 77.21-39.676 120H183.571c-2.964-25.239-21.222-42.966-39.596-59.075-12.65-11.275-25.3-21.725-39.875-30.799C80.712 279.645 48 267.994 48 259.2c0-23.375 8.8-44 35.2-44 35.2 0 53.075 26.4 70.4 26.4V83.2c0-18.425 16.5-35.2 35.2-35.2 18.975 0 35.2 16.225 35.2 35.2zM352 424c13.255 0 24 10.745 24 24s-10.745 24-24 24-24-10.745-24-24 10.745-24 24-24z\"><\/path><\/svg>\t\t\t<\/span>\n\t\t\t\t\t\t\t\t\t<span class=\"elementor-button-text\">Contactanos<\/span>\n\t\t\t\t\t<\/span>\n\t\t\t\t\t<\/a>\n\t\t\t\t<\/div>\n\t\t\t\t\t\t\t\t<\/div>\n\t\t\t\t<\/div>\n\t\t\t\t<\/div>\n\t\t\t\t<\/div>\n\t\t\t\t<\/div>\n\t\t","protected":false},"excerpt":{"rendered":"<p>QUIROMASAJE DANONTZAT Masajes Terap\u00e9uticos, Deportivos y Antiestr\u00e9s. Mas informaci\u00f3n \u00bfQui\u00e9nes Somos? En Danontzat Quiromasaje, llevamos m\u00e1s de 25 a\u00f1os dedicados al cuidado del cuerpo y el bienestar integral.Ayudando a cientos de personas a aliviar sus dolencias, mejorar su calidad de vida y alcanzar un estado \u00f3ptimo de salud f\u00edsica y emocional. \u00a1Lo Que Deseamos! Creemos [&hellip;]<\/p>\n","protected":false},"author":1,"featured_media":0,"parent":0,"menu_order":0,"comment_status":"closed","ping_status":"closed","template":"elementor_canvas","meta":{"footnotes":""},"class_list":["post-2","page","type-page","status-publish","hentry"],"yoast_head":"<!-- This site is optimized with the Yoast SEO plugin v27.4 - https:\/\/yoast.com\/product\/yoast-seo-wordpress\/ -->\n<title>Sobre Nosotros - QUIROMASAJE DANONTZAT<\/title>\n<meta name=\"robots\" content=\"index, follow, max-snippet:-1, max-image-preview:large, max-video-preview:-1\" \/>\n<link rel=\"canonical\" href=\"https:\/\/quiromasajedanontzat.com\/eus\/\" \/>\n<meta property=\"og:locale\" content=\"en_US\" \/>\n<meta property=\"og:type\" content=\"article\" \/>\n<meta property=\"og:title\" content=\"Sobre Nosotros - QUIROMASAJE DANONTZAT\" \/>\n<meta property=\"og:description\" content=\"QUIROMASAJE DANONTZAT Masajes Terap\u00e9uticos, Deportivos y Antiestr\u00e9s. Mas informaci\u00f3n \u00bfQui\u00e9nes Somos? En Danontzat Quiromasaje, llevamos m\u00e1s de 25 a\u00f1os dedicados al cuidado del cuerpo y el bienestar integral.Ayudando a cientos de personas a aliviar sus dolencias, mejorar su calidad de vida y alcanzar un estado \u00f3ptimo de salud f\u00edsica y emocional. \u00a1Lo Que Deseamos! Creemos [&hellip;]\" \/>\n<meta property=\"og:url\" content=\"https:\/\/quiromasajedanontzat.com\/eus\/\" \/>\n<meta property=\"og:site_name\" content=\"QUIROMASAJE DANONTZAT\" \/>\n<meta property=\"article:modified_time\" content=\"2025-01-07T10:07:42+00:00\" \/>\n<meta name=\"twitter:card\" content=\"summary_large_image\" \/>\n<meta name=\"twitter:label1\" content=\"Est. reading time\" \/>\n\t<meta name=\"twitter:data1\" content=\"1 minutua\" \/>\n<script type=\"application\/ld+json\" class=\"yoast-schema-graph\">{\"@context\":\"https:\\\/\\\/schema.org\",\"@graph\":[{\"@type\":\"WebPage\",\"@id\":\"https:\\\/\\\/quiromasajedanontzat.com\\\/\",\"url\":\"https:\\\/\\\/quiromasajedanontzat.com\\\/\",\"name\":\"Sobre Nosotros - QUIROMASAJE DANONTZAT\",\"isPartOf\":{\"@id\":\"https:\\\/\\\/quiromasajedanontzat.com\\\/#website\"},\"datePublished\":\"2024-07-09T09:49:15+00:00\",\"dateModified\":\"2025-01-07T10:07:42+00:00\",\"breadcrumb\":{\"@id\":\"https:\\\/\\\/quiromasajedanontzat.com\\\/#breadcrumb\"},\"inLanguage\":\"eu\",\"potentialAction\":[{\"@type\":\"ReadAction\",\"target\":[\"https:\\\/\\\/quiromasajedanontzat.com\\\/\"]}]},{\"@type\":\"BreadcrumbList\",\"@id\":\"https:\\\/\\\/quiromasajedanontzat.com\\\/#breadcrumb\",\"itemListElement\":[{\"@type\":\"ListItem\",\"position\":1,\"name\":\"Portada\",\"item\":\"https:\\\/\\\/quiromasajedanontzat.com\\\/\"},{\"@type\":\"ListItem\",\"position\":2,\"name\":\"Sobre Nosotros\"}]},{\"@type\":\"WebSite\",\"@id\":\"https:\\\/\\\/quiromasajedanontzat.com\\\/#website\",\"url\":\"https:\\\/\\\/quiromasajedanontzat.com\\\/\",\"name\":\"QUIROMASAJE DANONTZAT\",\"description\":\"Masaje terapeutico,deportivo,antiestr\u00e9s\",\"publisher\":{\"@id\":\"https:\\\/\\\/quiromasajedanontzat.com\\\/#organization\"},\"potentialAction\":[{\"@type\":\"SearchAction\",\"target\":{\"@type\":\"EntryPoint\",\"urlTemplate\":\"https:\\\/\\\/quiromasajedanontzat.com\\\/?s={search_term_string}\"},\"query-input\":{\"@type\":\"PropertyValueSpecification\",\"valueRequired\":true,\"valueName\":\"search_term_string\"}}],\"inLanguage\":\"eu\"},{\"@type\":\"Organization\",\"@id\":\"https:\\\/\\\/quiromasajedanontzat.com\\\/#organization\",\"name\":\"QUIROMASAJE DANONTZAT\",\"url\":\"https:\\\/\\\/quiromasajedanontzat.com\\\/\",\"logo\":{\"@type\":\"ImageObject\",\"inLanguage\":\"eu\",\"@id\":\"https:\\\/\\\/quiromasajedanontzat.com\\\/#\\\/schema\\\/logo\\\/image\\\/\",\"url\":\"https:\\\/\\\/quiromasajedanontzat.com\\\/wp-content\\\/uploads\\\/2024\\\/07\\\/cropped-Quiromasaje-Logo_Mesa-de-trabajo-12.jpg\",\"contentUrl\":\"https:\\\/\\\/quiromasajedanontzat.com\\\/wp-content\\\/uploads\\\/2024\\\/07\\\/cropped-Quiromasaje-Logo_Mesa-de-trabajo-12.jpg\",\"width\":1920,\"height\":550,\"caption\":\"QUIROMASAJE DANONTZAT \"},\"image\":{\"@id\":\"https:\\\/\\\/quiromasajedanontzat.com\\\/#\\\/schema\\\/logo\\\/image\\\/\"}}]}<\/script>\n<!-- \/ Yoast SEO plugin. -->","yoast_head_json":{"title":"Sobre Nosotros - QUIROMASAJE DANONTZAT","robots":{"index":"index","follow":"follow","max-snippet":"max-snippet:-1","max-image-preview":"max-image-preview:large","max-video-preview":"max-video-preview:-1"},"canonical":"https:\/\/quiromasajedanontzat.com\/eus\/","og_locale":"en_US","og_type":"article","og_title":"Sobre Nosotros - QUIROMASAJE DANONTZAT","og_description":"QUIROMASAJE DANONTZAT Masajes Terap\u00e9uticos, Deportivos y Antiestr\u00e9s. Mas informaci\u00f3n \u00bfQui\u00e9nes Somos? En Danontzat Quiromasaje, llevamos m\u00e1s de 25 a\u00f1os dedicados al cuidado del cuerpo y el bienestar integral.Ayudando a cientos de personas a aliviar sus dolencias, mejorar su calidad de vida y alcanzar un estado \u00f3ptimo de salud f\u00edsica y emocional. \u00a1Lo Que Deseamos! Creemos [&hellip;]","og_url":"https:\/\/quiromasajedanontzat.com\/eus\/","og_site_name":"QUIROMASAJE DANONTZAT","article_modified_time":"2025-01-07T10:07:42+00:00","twitter_card":"summary_large_image","twitter_misc":{"Est. reading time":"1 minutua"},"schema":{"@context":"https:\/\/schema.org","@graph":[{"@type":"WebPage","@id":"https:\/\/quiromasajedanontzat.com\/","url":"https:\/\/quiromasajedanontzat.com\/","name":"Sobre Nosotros - QUIROMASAJE DANONTZAT","isPartOf":{"@id":"https:\/\/quiromasajedanontzat.com\/#website"},"datePublished":"2024-07-09T09:49:15+00:00","dateModified":"2025-01-07T10:07:42+00:00","breadcrumb":{"@id":"https:\/\/quiromasajedanontzat.com\/#breadcrumb"},"inLanguage":"eu","potentialAction":[{"@type":"ReadAction","target":["https:\/\/quiromasajedanontzat.com\/"]}]},{"@type":"BreadcrumbList","@id":"https:\/\/quiromasajedanontzat.com\/#breadcrumb","itemListElement":[{"@type":"ListItem","position":1,"name":"Portada","item":"https:\/\/quiromasajedanontzat.com\/"},{"@type":"ListItem","position":2,"name":"Sobre Nosotros"}]},{"@type":"WebSite","@id":"https:\/\/quiromasajedanontzat.com\/#website","url":"https:\/\/quiromasajedanontzat.com\/","name":"QUIROMASAJE DANONTZAT","description":"Masaje terapeutico,deportivo,antiestr\u00e9s","publisher":{"@id":"https:\/\/quiromasajedanontzat.com\/#organization"},"potentialAction":[{"@type":"SearchAction","target":{"@type":"EntryPoint","urlTemplate":"https:\/\/quiromasajedanontzat.com\/?s={search_term_string}"},"query-input":{"@type":"PropertyValueSpecification","valueRequired":true,"valueName":"search_term_string"}}],"inLanguage":"eu"},{"@type":"Organization","@id":"https:\/\/quiromasajedanontzat.com\/#organization","name":"QUIROMASAJE DANONTZAT","url":"https:\/\/quiromasajedanontzat.com\/","logo":{"@type":"ImageObject","inLanguage":"eu","@id":"https:\/\/quiromasajedanontzat.com\/#\/schema\/logo\/image\/","url":"https:\/\/quiromasajedanontzat.com\/wp-content\/uploads\/2024\/07\/cropped-Quiromasaje-Logo_Mesa-de-trabajo-12.jpg","contentUrl":"https:\/\/quiromasajedanontzat.com\/wp-content\/uploads\/2024\/07\/cropped-Quiromasaje-Logo_Mesa-de-trabajo-12.jpg","width":1920,"height":550,"caption":"QUIROMASAJE DANONTZAT "},"image":{"@id":"https:\/\/quiromasajedanontzat.com\/#\/schema\/logo\/image\/"}}]}},"_links":{"self":[{"href":"https:\/\/quiromasajedanontzat.com\/eus\/wp-json\/wp\/v2\/pages\/2","targetHints":{"allow":["GET"]}}],"collection":[{"href":"https:\/\/quiromasajedanontzat.com\/eus\/wp-json\/wp\/v2\/pages"}],"about":[{"href":"https:\/\/quiromasajedanontzat.com\/eus\/wp-json\/wp\/v2\/types\/page"}],"author":[{"embeddable":true,"href":"https:\/\/quiromasajedanontzat.com\/eus\/wp-json\/wp\/v2\/users\/1"}],"replies":[{"embeddable":true,"href":"https:\/\/quiromasajedanontzat.com\/eus\/wp-json\/wp\/v2\/comments?post=2"}],"version-history":[{"count":272,"href":"https:\/\/quiromasajedanontzat.com\/eus\/wp-json\/wp\/v2\/pages\/2\/revisions"}],"predecessor-version":[{"id":1105,"href":"https:\/\/quiromasajedanontzat.com\/eus\/wp-json\/wp\/v2\/pages\/2\/revisions\/1105"}],"wp:attachment":[{"href":"https:\/\/quiromasajedanontzat.com\/eus\/wp-json\/wp\/v2\/media?parent=2"}],"curies":[{"name":"wp","href":"https:\/\/api.w.org\/{rel}","templated":true}]}}